{"id":10163,"date":"2008-06-22T21:24:29","date_gmt":"2008-06-22T19:24:29","guid":{"rendered":"https:\/\/fjungclaus.de\/wp\/atmospheric-phenomenons"},"modified":"2018-06-20T01:03:46","modified_gmt":"2018-06-19T23:03:46","slug":"atmospheric-phenomenons","status":"publish","type":"page","link":"https:\/\/fjungclaus.de\/wp\/gallery\/astronomy\/atmospheric-phenomenons","title":{"rendered":"Atmospheric  Phenomenons"},"content":{"rendered":"<p>[list]<br \/>\n[*]Other Atmospheric Phenomenons<br \/>\n[*]Andere atmosph\u00e4rische Ph\u00e4nomene<br \/>\n[\/list]<\/p>\n<p>&nbsp;<\/p>\n<div data-carousel-extra='{\"blog_id\":1,\"permalink\":\"https:\\\/\\\/fjungclaus.de\\\/wp\\\/gallery\\\/astronomy\\\/atmospheric-phenomenons\"}' class=\"tiled-gallery type-rectangular\" data-original-width=\"1130\"><div class=\"gallery-row\" style=\"width: 1125px; height: 304px;\"><div class=\"gallery-group images-1\" style=\"width: 460px; height: 308px;\"><div class=\"tiled-gallery-item tiled-gallery-item-full\"><a href=\"https:\/\/fjungclaus.de\/wp\/gallery\/astronomy\/atmospheric-phenomenons\/sun-halo\"><img loading=\"lazy\" decoding=\"async\" data-attachment-id=\"8492\" data-orig-file=\"https:\/\/fjungclaus.de\/wp\/wp-content\/uploads\/2008\/06\/sun-halo.jpg\" data-orig-size=\"1280,853\" data-comments-opened=\"0\" data-image-meta=\"{&quot;aperture&quot;:&quot;0&quot;,&quot;credit&quot;:&quot;&quot;,&quot;camera&quot;:&quot;Canon EOS 30D&quot;,&quot;caption&quot;:&quot;&quot;,&quot;created_timestamp&quot;:&quot;1213035956&quot;,&quot;copyright&quot;:&quot;&quot;,&quot;focal_length&quot;:&quot;0&quot;,&quot;iso&quot;:&quot;100&quot;,&quot;shutter_speed&quot;:&quot;0.0003125&quot;,&quot;title&quot;:&quot;&quot;,&quot;orientation&quot;:&quot;1&quot;,&quot;exposure_bias&quot;:&quot;-6\\\/3&quot;,&quot;flash&quot;:&quot;16&quot;}\" data-image-title=\"Sun Halo\" data-image-description=\"&lt;p&gt;[b]Sun Halo[\/b]&lt;br \/&gt;\n[list]&lt;br \/&gt;\n[*]Image is cropped from a photo captured with an 8mm Peleng fish eye&lt;br \/&gt;\n[*][url=http:\/\/en.wikipedia.org\/wiki\/Halo_(optical_phenomenon)][b]Wikipedia: [\/b]A halo is an optical phenomenon that appears near or around the Sun or Moon &#8230;[\/url]&lt;br \/&gt;\n[\/list]&lt;\/p&gt;\n&lt;p&gt;[b]Sonnenhalo[\/b]&lt;br \/&gt;\n[list]&lt;br \/&gt;\n[*]Das Bild ist ein Ausschnitt aus einem Foto durch ein 8mm Peleng Fischauge&lt;br \/&gt;\n[*][url=http:\/\/de.wikipedia.org\/wiki\/Halo_(Lichteffekt)][b]Wikipedia: [\/b]Halos sind Lichteffekte der atmosph\u00e4rischen Optik, die durch die Brechung und Spiegelung des Lichts an Eiskristallen entstehen &#8230;[\/url]&lt;br \/&gt;\n[\/list]&lt;\/p&gt;\n\" data-medium-file=\"https:\/\/fjungclaus.de\/wp\/wp-content\/uploads\/2008\/06\/sun-halo-640x427.jpg\" data-large-file=\"https:\/\/fjungclaus.de\/wp\/wp-content\/uploads\/2008\/06\/sun-halo.jpg\" src=\"https:\/\/fjungclaus.de\/wp\/wp-content\/uploads\/2008\/06\/sun-halo.jpg\" width=\"456\" height=\"304\" align=\"left\" title=\"Sun Halo\" \/><\/a><\/div><\/div><div class=\"gallery-group images-1\" style=\"width: 206px; height: 308px;\"><div class=\"tiled-gallery-item tiled-gallery-item-full\"><a href=\"https:\/\/fjungclaus.de\/wp\/gallery\/astronomy\/atmospheric-phenomenons\/moon-halo\"><img loading=\"lazy\" decoding=\"async\" data-attachment-id=\"8320\" data-orig-file=\"https:\/\/fjungclaus.de\/wp\/wp-content\/uploads\/2007\/10\/moon-halo.jpg\" data-orig-size=\"682,1024\" data-comments-opened=\"0\" data-image-meta=\"{&quot;aperture&quot;:&quot;0&quot;,&quot;credit&quot;:&quot;&quot;,&quot;camera&quot;:&quot;&quot;,&quot;caption&quot;:&quot;&quot;,&quot;created_timestamp&quot;:&quot;0&quot;,&quot;copyright&quot;:&quot;&quot;,&quot;focal_length&quot;:&quot;0&quot;,&quot;iso&quot;:&quot;0&quot;,&quot;shutter_speed&quot;:&quot;0&quot;,&quot;title&quot;:&quot;&quot;,&quot;orientation&quot;:&quot;1&quot;}\" data-image-title=\"Moon halo\" data-image-description=\"&lt;p&gt;[rem]:3694_moon_halo_2007-11-22_crp_resize: Automatically generated by ape on 2008\/03\/02@01:22:00[\/rem]&lt;br \/&gt;\n[atable]&lt;\/p&gt;\n&lt;p&gt; [atr=title]&lt;br \/&gt;\n  [list]&lt;br \/&gt;\n   [*]Moon Halo&lt;br \/&gt;\n  [\/list]&lt;br \/&gt;\n [\/atr]&lt;\/p&gt;\n&lt;p&gt; [atr=description]&lt;br \/&gt;\n  [list]&lt;br \/&gt;\n   [*]Colorful Moon Halo on 2007-11-22&lt;br \/&gt;\n  [\/list]&lt;br \/&gt;\n [\/atr]&lt;\/p&gt;\n&lt;p&gt; [atr=imager]&lt;br \/&gt;\n  [list]&lt;br \/&gt;\n   [*]\u00a9 Frank Jungclaus&lt;br \/&gt;\n  [\/list]&lt;br \/&gt;\n [\/atr]&lt;\/p&gt;\n&lt;p&gt; [atr=location]&lt;br \/&gt;\n  [list]&lt;br \/&gt;\n   [*]Wedemark, near Hannover, Germany, 9.7\u00b0E, 52.6\u00b0N&lt;br \/&gt;\n  [\/list]&lt;br \/&gt;\n [\/atr]&lt;\/p&gt;\n&lt;p&gt; [atr=date]&lt;br \/&gt;\n  [list]&lt;br \/&gt;\n   [*]22. Nov 2007, 21:18 UT+1h&lt;br \/&gt;\n  [\/list]&lt;br \/&gt;\n [\/atr]&lt;\/p&gt;\n&lt;p&gt; [atr=telescope]&lt;br \/&gt;\n  [list]&lt;br \/&gt;\n   [*]Peleng fisheye, 8mm&lt;br \/&gt;\n  [\/list]&lt;br \/&gt;\n [\/atr]&lt;\/p&gt;\n&lt;p&gt; [atr=mount]&lt;br \/&gt;\n  [list]&lt;br \/&gt;\n   [*]Simply placed the camera on the roof nearby one of our roof-lights&lt;br \/&gt;\n  [\/list]&lt;br \/&gt;\n [\/atr]&lt;\/p&gt;\n&lt;p&gt; [atr=camera]&lt;br \/&gt;\n  [list]&lt;br \/&gt;\n   [*]Canon EOS 30d&lt;br \/&gt;\n   [*]RAW, 3504&#215;2336 pixels, ISO 400&lt;br \/&gt;\n  [\/list]&lt;br \/&gt;\n [\/atr]&lt;\/p&gt;\n&lt;p&gt; [atr=focallength]&lt;br \/&gt;\n  [list]&lt;br \/&gt;\n   [*]8mm @ F\/8&lt;br \/&gt;\n  [\/list]&lt;br \/&gt;\n [\/atr]&lt;\/p&gt;\n&lt;p&gt; [atr=exposure]&lt;br \/&gt;\n  [list]&lt;br \/&gt;\n   [*]8s&lt;br \/&gt;\n  [\/list]&lt;br \/&gt;\n [\/atr]&lt;\/p&gt;\n&lt;p&gt; [atr=processing]&lt;br \/&gt;\n  [list]&lt;br \/&gt;\n   [*][b]Iris V5.51:[\/b]&lt;br \/&gt;\n   [*]Raw conversion&lt;br \/&gt;\n   [*]Color adjustments&lt;br \/&gt;\n   [*]Resize + crop&lt;br \/&gt;\n  [\/list]&lt;br \/&gt;\n [\/atr]&lt;br \/&gt;\n[\/atable]&lt;\/p&gt;\n\" data-medium-file=\"https:\/\/fjungclaus.de\/wp\/wp-content\/uploads\/2007\/10\/moon-halo-426x640.jpg\" data-large-file=\"https:\/\/fjungclaus.de\/wp\/wp-content\/uploads\/2007\/10\/moon-halo.jpg\" src=\"https:\/\/fjungclaus.de\/wp\/wp-content\/uploads\/2007\/10\/moon-halo.jpg\" width=\"202\" height=\"304\" align=\"left\" title=\"Moon halo\" \/><\/a><\/div><\/div><div class=\"gallery-group images-1\" style=\"width: 459px; height: 308px;\"><div class=\"tiled-gallery-item tiled-gallery-item-full\"><a href=\"https:\/\/fjungclaus.de\/wp\/gallery\/astronomy\/atmospheric-phenomenons\/mammatus-clouds\"><img loading=\"lazy\" decoding=\"async\" data-attachment-id=\"8491\" data-orig-file=\"https:\/\/fjungclaus.de\/wp\/wp-content\/uploads\/2008\/06\/mammatus-clouds.jpg\" data-orig-size=\"1536,1024\" data-comments-opened=\"0\" data-image-meta=\"{&quot;aperture&quot;:&quot;10&quot;,&quot;credit&quot;:&quot;&quot;,&quot;camera&quot;:&quot;Canon EOS 30D&quot;,&quot;caption&quot;:&quot;&quot;,&quot;created_timestamp&quot;:&quot;1214149678&quot;,&quot;copyright&quot;:&quot;&quot;,&quot;focal_length&quot;:&quot;17&quot;,&quot;iso&quot;:&quot;200&quot;,&quot;shutter_speed&quot;:&quot;0.005&quot;,&quot;title&quot;:&quot;&quot;,&quot;orientation&quot;:&quot;1&quot;,&quot;exposure_bias&quot;:&quot;3\\\/3&quot;,&quot;flash&quot;:&quot;16&quot;}\" data-image-title=\"Mammatus Clouds\" data-image-description=\"&lt;p&gt;[b]Mammatus clouds[\/b]&lt;br \/&gt;\n[list]&lt;br \/&gt;\n[*]Until now, I only have seen this strange looking clouds on photos in books and on the internet.&lt;br \/&gt;\nBut today, some minutes before an upcoming thunderstorm, I was able to spot and photograph these clouds through an opened roof-light&lt;br \/&gt;\n[*][url=http:\/\/en.wikipedia.org\/wiki\/Mammatus]Wikipedia: [\/url]Mammatus (also known as mammatocumulus, meaning &quot;bumpy clouds&quot;) is a meteorological term applied to a cellular pattern of pouches hanging underneath the base of a cloud. The name &quot;mammatus&quot; is derived from the Latin mamma (breast), due to the resemblance between the shape of these clouds and human female breasts &#8230;&lt;br \/&gt;\n[\/list]&lt;\/p&gt;\n&lt;p&gt;[b]Mammatus-Wolken[\/b]&lt;br \/&gt;\n[list]&lt;br \/&gt;\n[*]Bisher kannte ich diese interessant aussehenden Wolken nur aus B\u00fcchern und aus dem Internet.&lt;br \/&gt;\nAber heute Nachmittag, nur wenige Minuten vor dem Eintreffen eines Gewitters, konnte ich selber welche &#8211; per Schnappschuss aus dem Dachfenster &#8211; fotografieren&lt;br \/&gt;\n[*][url=http:\/\/en.wikipedia.org\/wiki\/Mammatus]Wikipedia: [\/url]Mammatus (Abk\u00fcrzung: mam), kurz mamma, sind h\u00e4ngende, beutelartige Quellformen an der Unterseite einer Wolke. Diese Sonderform kommt normalerweise beim Cumulonimbus vor, sie kann jedoch auch beim Cirrus, Cirrocumulus, Altocumulus, Altostratus und Stratocumulus beobachtet bzw. angewendet werden. Solche Auszeichnungen sind oft eindr\u00fccklich, die sch\u00f6nsten Exemplare kommen aber vor allem in der N\u00e4he des \u00c4quators vor &#8230;&lt;br \/&gt;\n[\/list]&lt;\/p&gt;\n\" data-medium-file=\"https:\/\/fjungclaus.de\/wp\/wp-content\/uploads\/2008\/06\/mammatus-clouds-640x427.jpg\" data-large-file=\"https:\/\/fjungclaus.de\/wp\/wp-content\/uploads\/2008\/06\/mammatus-clouds.jpg\" src=\"https:\/\/fjungclaus.de\/wp\/wp-content\/uploads\/2008\/06\/mammatus-clouds.jpg\" width=\"455\" height=\"304\" align=\"left\" title=\"Mammatus Clouds\" \/><\/a><\/div><\/div><\/div><\/div>\n<p>&nbsp;<\/p>\n","protected":false},"excerpt":{"rendered":"<p>Andere atmosph\u00e4rische Ph\u00e4nomene<\/p>\n","protected":false},"author":1,"featured_media":8492,"parent":10042,"menu_order":0,"comment_status":"closed","ping_status":"closed","template":"template-full-width.php","meta":{"footnotes":""},"class_list":["post-10163","page","type-page","status-publish","has-post-thumbnail","hentry"],"_links":{"self":[{"href":"https:\/\/fjungclaus.de\/wp\/wp-json\/wp\/v2\/pages\/10163","targetHints":{"allow":["GET"]}}],"collection":[{"href":"https:\/\/fjungclaus.de\/wp\/wp-json\/wp\/v2\/pages"}],"about":[{"href":"https:\/\/fjungclaus.de\/wp\/wp-json\/wp\/v2\/types\/page"}],"author":[{"embeddable":true,"href":"https:\/\/fjungclaus.de\/wp\/wp-json\/wp\/v2\/users\/1"}],"replies":[{"embeddable":true,"href":"https:\/\/fjungclaus.de\/wp\/wp-json\/wp\/v2\/comments?post=10163"}],"version-history":[{"count":2,"href":"https:\/\/fjungclaus.de\/wp\/wp-json\/wp\/v2\/pages\/10163\/revisions"}],"predecessor-version":[{"id":10498,"href":"https:\/\/fjungclaus.de\/wp\/wp-json\/wp\/v2\/pages\/10163\/revisions\/10498"}],"up":[{"embeddable":true,"href":"https:\/\/fjungclaus.de\/wp\/wp-json\/wp\/v2\/pages\/10042"}],"wp:featuredmedia":[{"embeddable":true,"href":"https:\/\/fjungclaus.de\/wp\/wp-json\/wp\/v2\/media\/8492"}],"wp:attachment":[{"href":"https:\/\/fjungclaus.de\/wp\/wp-json\/wp\/v2\/media?parent=10163"}],"curies":[{"name":"wp","href":"https:\/\/api.w.org\/{rel}","templated":true}]}}